{"id":6603,"date":"2022-06-30T11:52:04","date_gmt":"2022-06-30T09:52:04","guid":{"rendered":"http:\/\/idenova.nl\/about-us\/"},"modified":"2022-12-05T11:47:38","modified_gmt":"2022-12-05T10:47:38","slug":"uber-uns","status":"publish","type":"page","link":"https:\/\/www.idenova.nl\/de\/uber-uns\/","title":{"rendered":"\u00dcber uns"},"content":{"rendered":"<section class=\"l-section wpb_row us_custom_de6692ca height_large color_alternate with_shape\"><div class=\"l-section-shape type_tilt pos_bottom on_front hor_flip\" style=\"height:16vh;\"><svg xmlns=\"http:\/\/www.w3.org\/2000\/svg\" viewBox=\"0 0 64 8\" preserveAspectRatio=\"none\" width=\"100%\" height=\"100%\">\r\n\t<path fill=\"currentColor\" d=\"M64 7.9 L64 10 L0 10 L0 0 Z\"\/>\r\n<\/svg><\/div><div class=\"l-section-h i-cf\"><div class=\"g-cols vc_row via_flex valign_top type_default stacking_default\"><div class=\"vc_col-sm-3\/5 wpb_column vc_column_container\"><div class=\"vc_column-inner us_custom_8c71efed us_animate_this\"><div class=\"wpb_wrapper\"><div class=\"wpb_text_column\"><div class=\"wpb_wrapper\"><h5>Idenova entwirft Funktionalit\u00e4t f\u00fcr den t\u00e4glichen Gebrauch<\/h5>\n<\/div><\/div><h1 class=\"w-post-elm post_title entry-title color_link_inherit\">\u00dcber uns<\/h1><div class=\"wpb_text_column\"><div class=\"wpb_wrapper\"><p>Die Industriedesign-Agentur Idenova bietet seit 2001 Konzeptentwicklung, Industriedesign und Engineering f\u00fcr den Gesch\u00e4ftsmarkt an. Bei der Umsetzung von Konzepten in konkrete Entw\u00fcrfe kombinieren wir Kreativit\u00e4t mit technischem Know-how und N\u00fctzlichkeit. Wir entwickeln unter anderem: Verbraucherprodukte, Material f\u00fcr das Gesundheitswesen und M\u00f6bel f\u00fcr den \u00f6ffentlichen Raum. Unser Fokus liegt auf Kunststoffprodukten.<\/p>\n<\/div><\/div><div class=\"w-separator size_small\"><\/div><div class=\"w-btn-wrapper align_none\"><a class=\"w-btn us-btn-style_8 icon_atleft\" title=\"Lesen Sie mehr\" href=\"#lees-meer\"><i class=\"fas fa-arrow-down\"><\/i><span class=\"w-btn-label\">Lesen Sie mehr<\/span><\/a><\/div><\/div><\/div><\/div><div class=\"vc_col-sm-2\/5 wpb_column vc_column_container\"><div class=\"vc_column-inner\"><div class=\"wpb_wrapper\"><\/div><\/div><\/div><\/div><\/div><\/section><section class=\"l-section wpb_row height_large\" id=\"lees-meer\"><div class=\"l-section-h i-cf\"><div class=\"g-cols vc_row via_flex valign_top type_default stacking_default\"><div class=\"vc_col-sm-12 wpb_column vc_column_container\"><div class=\"vc_column-inner us_custom_de366d1c us_animate_this\"><div class=\"wpb_wrapper\"><div class=\"g-cols wpb_row via_flex valign_top type_default stacking_default\"><div class=\"vc_col-sm-4 wpb_column vc_column_container\"><div class=\"vc_column-inner\"><div class=\"wpb_wrapper\"><div class=\"wpb_text_column\"><div class=\"wpb_wrapper\"><h4>Realismus als Grundlage<\/h4>\n<p>Die von uns entwickelten Produkte sind f\u00fcr den Gebrauch bestimmt. Deshalb steht Realismus im Mittelpunt unserer Philosophie. Nat\u00fcrlich streben wir nach dem sch\u00f6nsten Design, aber ebenso wichtig sind Funktionalit\u00e4t, technische Anwendbarkeit und Umsetzbarkeit. Wir sind es gewohnt, innerhalb vorgegebener Rahmen zu arbeiten und wissen, wie wichtig ein vertretbarer Selbstkostenpreis ist.<\/p>\n<\/div><\/div><\/div><\/div><\/div><div class=\"vc_col-sm-4 wpb_column vc_column_container\"><div class=\"vc_column-inner\"><div class=\"wpb_wrapper\"><div class=\"wpb_text_column\"><div class=\"wpb_wrapper\"><h4>Mehr als Designer<\/h4>\n<p>Wir kombinieren innovatives Denken mit Funktionalit\u00e4t und der sprichw\u00f6rtlichen niederl\u00e4ndischen N\u00fcchternheit. Wir verkn\u00fcpfen technisches Wissen mit Kreativit\u00e4t und bieten Ihnen individuelle und bieten Ihnen individuelle und unverwechselbare L\u00f6sungen.<\/p>\n<\/div><\/div><\/div><\/div><\/div><div class=\"vc_col-sm-4 wpb_column vc_column_container\"><div class=\"vc_column-inner\"><div class=\"wpb_wrapper\"><div class=\"wpb_text_column\"><div class=\"wpb_wrapper\"><h4>Unser echter Erfolg<\/h4>\n<p>Unsere Designs gewinnen regelm\u00e4\u00dfig Design Awards, und darauf sind wir sehr stolz. Aber unser wirklicher Erfolg ist der Erfolg unserer Kunden.<\/p>\n<\/div><\/div><\/div><\/div><\/div><\/div><\/div><\/div><\/div><\/div><\/div><\/section><section class=\"l-section wpb_row height_auto width_full\"><div class=\"l-section-h i-cf\"><div class=\"g-cols vc_row via_flex valign_top type_default stacking_default\"><div class=\"vc_col-sm-6 wpb_column vc_column_container  has_bg_color\"><div class=\"vc_column-inner us_custom_cf2f8880 us_animate_this\"><div class=\"wpb_wrapper\"><\/div><\/div><\/div><div class=\"vc_col-sm-6 wpb_column vc_column_container has_bg_color\"><div class=\"vc_column-inner us_custom_0d15be52\"><div class=\"wpb_wrapper\"><div class=\"g-cols wpb_row us_custom_66cb9325 via_flex valign_top type_default stacking_default\"><div class=\"vc_col-sm-12 wpb_column vc_column_container\"><div class=\"vc_column-inner us_custom_ff13c409 us_animate_this\"><div class=\"wpb_wrapper\"><div class=\"wpb_text_column\"><div class=\"wpb_wrapper\"><h5>Unsere MitarbeiterInnen<\/h5>\n<h2>Designer &amp; Engineer<\/h2>\n<p>Mit einem kleinen, eingespielten Team entwickeln wir Designs, die mit ihrer Sch\u00f6nheit und Funktionalit\u00e4t \u00fcberzeugen. All unsere MitarbeiterInnen sind sowohl Designer als auch Engineer. So wir erfinden nicht nur, wir erstellen auch. Und das unterscheidet uns von anderen Designagenturen. Wir stellen Ihnen gerne unser Team vor:<\/p>\n<\/div><\/div><div class=\"w-separator size_small\"><\/div><div class=\"w-btn-wrapper align_none\"><a class=\"w-btn us-btn-style_1 icon_atleft\" title=\"MitarbeiterInnen anzeigen\" href=\"#medewerkers\"><i class=\"fas fa-arrow-down\"><\/i><span class=\"w-btn-label\">MitarbeiterInnen anzeigen<\/span><\/a><\/div><\/div><\/div><\/div><\/div><\/div><\/div><\/div><\/div><\/div><\/section><section class=\"l-section wpb_row us_custom_ce4d5a8c height_large color_alternate\" id=\"medewerkers\"><div class=\"l-section-h i-cf\"><div class=\"g-cols vc_row via_flex valign_top type_default stacking_default\"><div class=\"vc_col-sm-12 wpb_column vc_column_container\"><div class=\"vc_column-inner\"><div class=\"wpb_wrapper\"><div class=\"g-cols wpb_row via_flex valign_top type_default stacking_default\"><div class=\"vc_col-sm-1\/5 wpb_column vc_column_container\"><div class=\"vc_column-inner\"><div class=\"wpb_wrapper\"><div class=\"w-person layout_simple\"><div class=\"w-person-image\"><img loading=\"lazy\" decoding=\"async\" width=\"1024\" height=\"682\" src=\"https:\/\/www.idenova.nl\/wp-content\/uploads\/2022\/10\/Idenova-Eric-1024x682.webp\" class=\"attachment-large size-large\" alt=\"\" srcset=\"https:\/\/www.idenova.nl\/wp-content\/uploads\/2022\/10\/Idenova-Eric-1024x682.webp 1024w, https:\/\/www.idenova.nl\/wp-content\/uploads\/2022\/10\/Idenova-Eric-300x200.webp 300w, https:\/\/www.idenova.nl\/wp-content\/uploads\/2022\/10\/Idenova-Eric.webp 1280w\" sizes=\"auto, (max-width: 1024px) 100vw, 1024px\" \/><\/div><div class=\"w-person-content\"><h5 class=\"w-person-name\"><span>Eric Kruisselbrink<\/span><\/h5><div class=\"w-person-role\">Industriedesigner\/Bauingenieur (Gesch\u00e4ftsf\u00fchrer)<\/div><\/div><\/div><\/div><\/div><\/div><div class=\"vc_col-sm-1\/5 wpb_column vc_column_container\"><div class=\"vc_column-inner\"><div class=\"wpb_wrapper\"><div class=\"w-person layout_simple\"><div class=\"w-person-image\"><img loading=\"lazy\" decoding=\"async\" width=\"1024\" height=\"682\" src=\"https:\/\/www.idenova.nl\/wp-content\/uploads\/2022\/10\/Idenova-Jasper-1024x682.webp\" class=\"attachment-large size-large\" alt=\"\" srcset=\"https:\/\/www.idenova.nl\/wp-content\/uploads\/2022\/10\/Idenova-Jasper-1024x682.webp 1024w, https:\/\/www.idenova.nl\/wp-content\/uploads\/2022\/10\/Idenova-Jasper-300x200.webp 300w, https:\/\/www.idenova.nl\/wp-content\/uploads\/2022\/10\/Idenova-Jasper.webp 1280w\" sizes=\"auto, (max-width: 1024px) 100vw, 1024px\" \/><\/div><div class=\"w-person-content\"><h5 class=\"w-person-name\"><span>Jasper Dielemans<\/span><\/h5><div class=\"w-person-role\">Productdesigner<\/div><\/div><\/div><\/div><\/div><\/div><div class=\"vc_col-sm-1\/5 wpb_column vc_column_container\"><div class=\"vc_column-inner\"><div class=\"wpb_wrapper\"><div class=\"w-person layout_simple\"><div class=\"w-person-image\"><img loading=\"lazy\" decoding=\"async\" width=\"1024\" height=\"682\" src=\"https:\/\/www.idenova.nl\/wp-content\/uploads\/2022\/10\/Idenova-Kristian-1024x682.webp\" class=\"attachment-large size-large\" alt=\"\" srcset=\"https:\/\/www.idenova.nl\/wp-content\/uploads\/2022\/10\/Idenova-Kristian-1024x682.webp 1024w, https:\/\/www.idenova.nl\/wp-content\/uploads\/2022\/10\/Idenova-Kristian-300x200.webp 300w, https:\/\/www.idenova.nl\/wp-content\/uploads\/2022\/10\/Idenova-Kristian.webp 1280w\" sizes=\"auto, (max-width: 1024px) 100vw, 1024px\" \/><\/div><div class=\"w-person-content\"><h5 class=\"w-person-name\"><span>Kristian Domhof<\/span><\/h5><div class=\"w-person-role\">Industriedesigner\/Bauingenieur<\/div><\/div><\/div><\/div><\/div><\/div><div class=\"vc_col-sm-1\/5 wpb_column vc_column_container\"><div class=\"vc_column-inner\"><div class=\"wpb_wrapper\"><div class=\"w-person layout_simple\"><div class=\"w-person-image\"><img loading=\"lazy\" decoding=\"async\" width=\"1024\" height=\"682\" src=\"https:\/\/www.idenova.nl\/wp-content\/uploads\/2022\/10\/Idenova-Leon-1024x682.webp\" class=\"attachment-large size-large\" alt=\"\" srcset=\"https:\/\/www.idenova.nl\/wp-content\/uploads\/2022\/10\/Idenova-Leon-1024x682.webp 1024w, https:\/\/www.idenova.nl\/wp-content\/uploads\/2022\/10\/Idenova-Leon-300x200.webp 300w, https:\/\/www.idenova.nl\/wp-content\/uploads\/2022\/10\/Idenova-Leon.webp 1280w\" sizes=\"auto, (max-width: 1024px) 100vw, 1024px\" \/><\/div><div class=\"w-person-content\"><h5 class=\"w-person-name\"><span>Leon Heukshorst<\/span><\/h5><div class=\"w-person-role\">Industriedesigner\/Bauingenieur<\/div><\/div><\/div><\/div><\/div><\/div><div class=\"vc_col-sm-1\/5 wpb_column vc_column_container\"><div class=\"vc_column-inner\"><div class=\"wpb_wrapper\"><div class=\"w-person layout_simple\"><div class=\"w-person-image\"><img loading=\"lazy\" decoding=\"async\" width=\"1024\" height=\"682\" src=\"https:\/\/www.idenova.nl\/wp-content\/uploads\/2022\/10\/Idenova-Walter-1024x682.webp\" class=\"attachment-large size-large\" alt=\"\" srcset=\"https:\/\/www.idenova.nl\/wp-content\/uploads\/2022\/10\/Idenova-Walter-1024x682.webp 1024w, https:\/\/www.idenova.nl\/wp-content\/uploads\/2022\/10\/Idenova-Walter-300x200.webp 300w, https:\/\/www.idenova.nl\/wp-content\/uploads\/2022\/10\/Idenova-Walter.webp 1280w\" sizes=\"auto, (max-width: 1024px) 100vw, 1024px\" \/><\/div><div class=\"w-person-content\"><h5 class=\"w-person-name\"><span>Walter Boeijink<\/span><\/h5><div class=\"w-person-role\">Zeichner\/Bauingenieur<\/div><\/div><\/div><\/div><\/div><\/div><\/div><\/div><\/div><\/div><\/div><\/div><\/section>\n","protected":false},"excerpt":{"rendered":"Idenova entwirft Funktionalit\u00e4t f\u00fcr den t\u00e4glichen Gebrauch \u00dcber unsDie Industriedesign-Agentur Idenova bietet seit 2001 Konzeptentwicklung, Industriedesign und Engineering f\u00fcr den Gesch\u00e4ftsmarkt an. Bei der Umsetzung von Konzepten in konkrete Entw\u00fcrfe kombinieren wir Kreativit\u00e4t mit technischem Know-how und N\u00fctzlichkeit. Wir entwickeln unter anderem: Verbraucherprodukte, Material f\u00fcr das Gesundheitswesen und M\u00f6bel f\u00fcr den \u00f6ffentlichen Raum. Unser Fokus...","protected":false},"author":1,"featured_media":7702,"parent":0,"menu_order":0,"comment_status":"closed","ping_status":"closed","template":"","meta":{"_monsterinsights_skip_tracking":false,"_monsterinsights_sitenote_active":false,"_monsterinsights_sitenote_note":"","_monsterinsights_sitenote_category":0,"footnotes":""},"class_list":["post-6603","page","type-page","status-publish","has-post-thumbnail","hentry"],"yoast_head":"<!-- This site is optimized with the Yoast SEO Premium plugin v26.3 (Yoast SEO v27.3) - https:\/\/yoast.com\/product\/yoast-seo-premium-wordpress\/ -->\n<title>\u00dcber uns - Idenova<\/title>\n<meta name=\"description\" content=\"Die Industriedesign-Agentur Idenova bietet seit 2001 Konzeptentwicklung, Industriedesign und Engineering f\u00fcr den Gesch\u00e4ftsmarkt an.\" \/>\n<meta name=\"robots\" content=\"index, follow, max-snippet:-1, max-image-preview:large, max-video-preview:-1\" \/>\n<link rel=\"canonical\" href=\"https:\/\/www.idenova.nl\/de\/uber-uns\/\" \/>\n<meta property=\"og:locale\" content=\"de_DE\" \/>\n<meta property=\"og:type\" content=\"article\" \/>\n<meta property=\"og:title\" content=\"\u00dcber uns\" \/>\n<meta property=\"og:description\" content=\"Die Industriedesign-Agentur Idenova bietet seit 2001 Konzeptentwicklung, Industriedesign und Engineering f\u00fcr den Gesch\u00e4ftsmarkt an.\" \/>\n<meta property=\"og:url\" content=\"https:\/\/www.idenova.nl\/de\/uber-uns\/\" \/>\n<meta property=\"og:site_name\" content=\"Idenova\" \/>\n<meta property=\"article:publisher\" content=\"https:\/\/www.facebook.com\/idenovadesign\" \/>\n<meta property=\"article:modified_time\" content=\"2022-12-05T10:47:38+00:00\" \/>\n<meta property=\"og:image\" content=\"https:\/\/www.idenova.nl\/wp-content\/uploads\/2022\/11\/idenova-medewerkers-eric-kruisselbrink.webp\" \/>\n\t<meta property=\"og:image:width\" content=\"1020\" \/>\n\t<meta property=\"og:image:height\" content=\"680\" \/>\n\t<meta property=\"og:image:type\" content=\"image\/png\" \/>\n<meta name=\"twitter:card\" content=\"summary_large_image\" \/>\n<meta name=\"twitter:label1\" content=\"Gesch\u00e4tzte Lesezeit\" \/>\n\t<meta name=\"twitter:data1\" content=\"2\u00a0Minuten\" \/>\n<script type=\"application\/ld+json\" class=\"yoast-schema-graph\">{\"@context\":\"https:\\\/\\\/schema.org\",\"@graph\":[{\"@type\":\"WebPage\",\"@id\":\"https:\\\/\\\/www.idenova.nl\\\/de\\\/uber-uns\\\/\",\"url\":\"https:\\\/\\\/www.idenova.nl\\\/de\\\/uber-uns\\\/\",\"name\":\"\u00dcber uns - Idenova\",\"isPartOf\":{\"@id\":\"https:\\\/\\\/www.idenova.nl\\\/de\\\/#website\"},\"primaryImageOfPage\":{\"@id\":\"https:\\\/\\\/www.idenova.nl\\\/de\\\/uber-uns\\\/#primaryimage\"},\"image\":{\"@id\":\"https:\\\/\\\/www.idenova.nl\\\/de\\\/uber-uns\\\/#primaryimage\"},\"thumbnailUrl\":\"https:\\\/\\\/www.idenova.nl\\\/wp-content\\\/uploads\\\/2022\\\/12\\\/idenova-medewerkers-eric-kruisselbrink_1.webp\",\"datePublished\":\"2022-06-30T09:52:04+00:00\",\"dateModified\":\"2022-12-05T10:47:38+00:00\",\"description\":\"Die Industriedesign-Agentur Idenova bietet seit 2001 Konzeptentwicklung, Industriedesign und Engineering f\u00fcr den Gesch\u00e4ftsmarkt an.\",\"breadcrumb\":{\"@id\":\"https:\\\/\\\/www.idenova.nl\\\/de\\\/uber-uns\\\/#breadcrumb\"},\"inLanguage\":\"de\",\"potentialAction\":[{\"@type\":\"ReadAction\",\"target\":[\"https:\\\/\\\/www.idenova.nl\\\/de\\\/uber-uns\\\/\"]}]},{\"@type\":\"ImageObject\",\"inLanguage\":\"de\",\"@id\":\"https:\\\/\\\/www.idenova.nl\\\/de\\\/uber-uns\\\/#primaryimage\",\"url\":\"https:\\\/\\\/www.idenova.nl\\\/wp-content\\\/uploads\\\/2022\\\/12\\\/idenova-medewerkers-eric-kruisselbrink_1.webp\",\"contentUrl\":\"https:\\\/\\\/www.idenova.nl\\\/wp-content\\\/uploads\\\/2022\\\/12\\\/idenova-medewerkers-eric-kruisselbrink_1.webp\",\"width\":800,\"height\":600},{\"@type\":\"BreadcrumbList\",\"@id\":\"https:\\\/\\\/www.idenova.nl\\\/de\\\/uber-uns\\\/#breadcrumb\",\"itemListElement\":[{\"@type\":\"ListItem\",\"position\":1,\"name\":\"Home\",\"item\":\"https:\\\/\\\/www.idenova.nl\\\/de\\\/\"},{\"@type\":\"ListItem\",\"position\":2,\"name\":\"\u00dcber uns\"}]},{\"@type\":\"WebSite\",\"@id\":\"https:\\\/\\\/www.idenova.nl\\\/de\\\/#website\",\"url\":\"https:\\\/\\\/www.idenova.nl\\\/de\\\/\",\"name\":\"Idenova\",\"description\":\"Industrial design\",\"publisher\":{\"@id\":\"https:\\\/\\\/www.idenova.nl\\\/de\\\/#organization\"},\"potentialAction\":[{\"@type\":\"SearchAction\",\"target\":{\"@type\":\"EntryPoint\",\"urlTemplate\":\"https:\\\/\\\/www.idenova.nl\\\/de\\\/?s={search_term_string}\"},\"query-input\":{\"@type\":\"PropertyValueSpecification\",\"valueRequired\":true,\"valueName\":\"search_term_string\"}}],\"inLanguage\":\"de\"},{\"@type\":\"Organization\",\"@id\":\"https:\\\/\\\/www.idenova.nl\\\/de\\\/#organization\",\"name\":\"Idenova\",\"url\":\"https:\\\/\\\/www.idenova.nl\\\/de\\\/\",\"logo\":{\"@type\":\"ImageObject\",\"inLanguage\":\"de\",\"@id\":\"https:\\\/\\\/www.idenova.nl\\\/de\\\/#\\\/schema\\\/logo\\\/image\\\/\",\"url\":\"https:\\\/\\\/idenova.nl\\\/wp-content\\\/uploads\\\/2020\\\/10\\\/idenova-logo-zwart.svg\",\"contentUrl\":\"https:\\\/\\\/idenova.nl\\\/wp-content\\\/uploads\\\/2020\\\/10\\\/idenova-logo-zwart.svg\",\"width\":782,\"height\":70,\"caption\":\"Idenova\"},\"image\":{\"@id\":\"https:\\\/\\\/www.idenova.nl\\\/de\\\/#\\\/schema\\\/logo\\\/image\\\/\"},\"sameAs\":[\"https:\\\/\\\/www.facebook.com\\\/idenovadesign\",\"https:\\\/\\\/www.instagram.com\\\/idenovadesign\\\/\",\"https:\\\/\\\/www.linkedin.com\\\/company\\\/idenova-industrial-design\\\/\"]}]}<\/script>\n<!-- \/ Yoast SEO Premium plugin. -->","yoast_head_json":{"title":"\u00dcber uns - Idenova","description":"Die Industriedesign-Agentur Idenova bietet seit 2001 Konzeptentwicklung, Industriedesign und Engineering f\u00fcr den Gesch\u00e4ftsmarkt an.","robots":{"index":"index","follow":"follow","max-snippet":"max-snippet:-1","max-image-preview":"max-image-preview:large","max-video-preview":"max-video-preview:-1"},"canonical":"https:\/\/www.idenova.nl\/de\/uber-uns\/","og_locale":"de_DE","og_type":"article","og_title":"\u00dcber uns","og_description":"Die Industriedesign-Agentur Idenova bietet seit 2001 Konzeptentwicklung, Industriedesign und Engineering f\u00fcr den Gesch\u00e4ftsmarkt an.","og_url":"https:\/\/www.idenova.nl\/de\/uber-uns\/","og_site_name":"Idenova","article_publisher":"https:\/\/www.facebook.com\/idenovadesign","article_modified_time":"2022-12-05T10:47:38+00:00","og_image":[{"width":1020,"height":680,"url":"https:\/\/www.idenova.nl\/wp-content\/uploads\/2022\/11\/idenova-medewerkers-eric-kruisselbrink.webp","type":"image\/png"}],"twitter_card":"summary_large_image","twitter_misc":{"Gesch\u00e4tzte Lesezeit":"2\u00a0Minuten"},"schema":{"@context":"https:\/\/schema.org","@graph":[{"@type":"WebPage","@id":"https:\/\/www.idenova.nl\/de\/uber-uns\/","url":"https:\/\/www.idenova.nl\/de\/uber-uns\/","name":"\u00dcber uns - Idenova","isPartOf":{"@id":"https:\/\/www.idenova.nl\/de\/#website"},"primaryImageOfPage":{"@id":"https:\/\/www.idenova.nl\/de\/uber-uns\/#primaryimage"},"image":{"@id":"https:\/\/www.idenova.nl\/de\/uber-uns\/#primaryimage"},"thumbnailUrl":"https:\/\/www.idenova.nl\/wp-content\/uploads\/2022\/12\/idenova-medewerkers-eric-kruisselbrink_1.webp","datePublished":"2022-06-30T09:52:04+00:00","dateModified":"2022-12-05T10:47:38+00:00","description":"Die Industriedesign-Agentur Idenova bietet seit 2001 Konzeptentwicklung, Industriedesign und Engineering f\u00fcr den Gesch\u00e4ftsmarkt an.","breadcrumb":{"@id":"https:\/\/www.idenova.nl\/de\/uber-uns\/#breadcrumb"},"inLanguage":"de","potentialAction":[{"@type":"ReadAction","target":["https:\/\/www.idenova.nl\/de\/uber-uns\/"]}]},{"@type":"ImageObject","inLanguage":"de","@id":"https:\/\/www.idenova.nl\/de\/uber-uns\/#primaryimage","url":"https:\/\/www.idenova.nl\/wp-content\/uploads\/2022\/12\/idenova-medewerkers-eric-kruisselbrink_1.webp","contentUrl":"https:\/\/www.idenova.nl\/wp-content\/uploads\/2022\/12\/idenova-medewerkers-eric-kruisselbrink_1.webp","width":800,"height":600},{"@type":"BreadcrumbList","@id":"https:\/\/www.idenova.nl\/de\/uber-uns\/#breadcrumb","itemListElement":[{"@type":"ListItem","position":1,"name":"Home","item":"https:\/\/www.idenova.nl\/de\/"},{"@type":"ListItem","position":2,"name":"\u00dcber uns"}]},{"@type":"WebSite","@id":"https:\/\/www.idenova.nl\/de\/#website","url":"https:\/\/www.idenova.nl\/de\/","name":"Idenova","description":"Industrial design","publisher":{"@id":"https:\/\/www.idenova.nl\/de\/#organization"},"potentialAction":[{"@type":"SearchAction","target":{"@type":"EntryPoint","urlTemplate":"https:\/\/www.idenova.nl\/de\/?s={search_term_string}"},"query-input":{"@type":"PropertyValueSpecification","valueRequired":true,"valueName":"search_term_string"}}],"inLanguage":"de"},{"@type":"Organization","@id":"https:\/\/www.idenova.nl\/de\/#organization","name":"Idenova","url":"https:\/\/www.idenova.nl\/de\/","logo":{"@type":"ImageObject","inLanguage":"de","@id":"https:\/\/www.idenova.nl\/de\/#\/schema\/logo\/image\/","url":"https:\/\/idenova.nl\/wp-content\/uploads\/2020\/10\/idenova-logo-zwart.svg","contentUrl":"https:\/\/idenova.nl\/wp-content\/uploads\/2020\/10\/idenova-logo-zwart.svg","width":782,"height":70,"caption":"Idenova"},"image":{"@id":"https:\/\/www.idenova.nl\/de\/#\/schema\/logo\/image\/"},"sameAs":["https:\/\/www.facebook.com\/idenovadesign","https:\/\/www.instagram.com\/idenovadesign\/","https:\/\/www.linkedin.com\/company\/idenova-industrial-design\/"]}]}},"_links":{"self":[{"href":"https:\/\/www.idenova.nl\/de\/wp-json\/wp\/v2\/pages\/6603","targetHints":{"allow":["GET"]}}],"collection":[{"href":"https:\/\/www.idenova.nl\/de\/wp-json\/wp\/v2\/pages"}],"about":[{"href":"https:\/\/www.idenova.nl\/de\/wp-json\/wp\/v2\/types\/page"}],"author":[{"embeddable":true,"href":"https:\/\/www.idenova.nl\/de\/wp-json\/wp\/v2\/users\/1"}],"replies":[{"embeddable":true,"href":"https:\/\/www.idenova.nl\/de\/wp-json\/wp\/v2\/comments?post=6603"}],"version-history":[{"count":21,"href":"https:\/\/www.idenova.nl\/de\/wp-json\/wp\/v2\/pages\/6603\/revisions"}],"predecessor-version":[{"id":7607,"href":"https:\/\/www.idenova.nl\/de\/wp-json\/wp\/v2\/pages\/6603\/revisions\/7607"}],"wp:featuredmedia":[{"embeddable":true,"href":"https:\/\/www.idenova.nl\/de\/wp-json\/wp\/v2\/media\/7702"}],"wp:attachment":[{"href":"https:\/\/www.idenova.nl\/de\/wp-json\/wp\/v2\/media?parent=6603"}],"curies":[{"name":"wp","href":"https:\/\/api.w.org\/{rel}","templated":true}]}}