{"id":6708,"date":"2022-06-30T11:51:39","date_gmt":"2022-06-30T09:51:39","guid":{"rendered":"http:\/\/idenova.nl\/aktuelles\/"},"modified":"2024-12-27T17:54:01","modified_gmt":"2024-12-27T16:54:01","slug":"aktuelles","status":"publish","type":"page","link":"https:\/\/www.idenova.nl\/de\/aktuelles\/","title":{"rendered":"Aktuelles"},"content":{"rendered":"<section class=\"l-section wpb_row us_custom_de6692ca height_large color_alternate with_shape\"><div class=\"l-section-shape type_tilt pos_bottom on_front hor_flip\" style=\"height:16vh;\"><svg xmlns=\"http:\/\/www.w3.org\/2000\/svg\" viewBox=\"0 0 64 8\" preserveAspectRatio=\"none\" width=\"100%\" height=\"100%\">\r\n\t<path fill=\"currentColor\" d=\"M64 7.9 L64 10 L0 10 L0 0 Z\"\/>\r\n<\/svg><\/div><div class=\"l-section-h i-cf\"><div class=\"g-cols vc_row via_flex valign_top type_default stacking_default\"><div class=\"vc_col-sm-3\/5 wpb_column vc_column_container\"><div class=\"vc_column-inner us_custom_8c71efed us_animate_this\"><div class=\"wpb_wrapper\"><div class=\"wpb_text_column\"><div class=\"wpb_wrapper\"><h5>Design zum Teilen<\/h5>\n<\/div><\/div><h1 class=\"w-post-elm post_title entry-title color_link_inherit\">Aktuelles<\/h1><div class=\"wpb_text_column\"><div class=\"wpb_wrapper\"><p>Idenova entwickelt sich kontinuierlich weiter. Gerne informieren wir Sie \u00fcber die neuesten Entwicklungen in unserem Unternehmen.<\/p>\n<\/div><\/div><div class=\"w-separator size_small\"><\/div><div class=\"w-btn-wrapper align_none\"><a class=\"w-btn us-btn-style_8 icon_atleft\" title=\"Lesen Sie unsere Beitr\u00e4ge\" href=\"#berichten\"><i class=\"fas fa-arrow-down\"><\/i><span class=\"w-btn-label\">Lesen Sie unsere Beitr\u00e4ge<\/span><\/a><\/div><\/div><\/div><\/div><div class=\"vc_col-sm-2\/5 wpb_column vc_column_container\"><div class=\"vc_column-inner\"><div class=\"wpb_wrapper\"><\/div><\/div><\/div><\/div><\/div><\/section><section class=\"l-section wpb_row height_large\" id=\"berichten\"><div class=\"l-section-h i-cf\"><div class=\"g-cols vc_row via_flex valign_top type_default stacking_default\"><div class=\"vc_col-sm-12 wpb_column vc_column_container\"><div class=\"vc_column-inner us_custom_de366d1c us_animate_this\"><div class=\"wpb_wrapper\"><div class=\"w-grid us_grid type_grid layout_8554 cols_3 preload_style_spinner ratio_3x2\" id=\"us_grid_1\" style=\"--columns:3;--gap:1.5rem;--item-ratio:0.66667;\" data-filterable=\"true\"><style>@media (max-width:990px){#us_grid_1{--columns:2!important}}@media (max-width:600px){#us_grid_1{--columns:1!important}}.layout_8554 .w-grid-item-h{}.layout_8554 .usg_post_image_1{transition-duration:0.3s;transform-origin:50% 50%;transform:scale(1) translate(0%,0%)}.layout_8554 .w-grid-item-h:focus-within .usg_post_image_1,.layout_8554 .w-grid-item-h:hover .usg_post_image_1{transform:scale(1.05) translate(0%,0%);opacity:1}.layout_8554 .usg_vwrapper_1{transition-duration:0.4s;transform-origin:50% 50%;transform:scale(1) translate(0%,0%);opacity:0}.layout_8554 .w-grid-item-h:focus-within .usg_vwrapper_1,.layout_8554 .w-grid-item-h:hover .usg_vwrapper_1{transform:scale(1) translate(0%,0%);opacity:1;background:var(--color-header-middle-text)!important}.layout_8554 .usg_post_taxonomy_1{transition-duration:0.5s;transform-origin:50% 50%;transform:scale(1) translate(0%,1%)}.layout_8554 .w-grid-item-h:focus-within .usg_post_taxonomy_1,.layout_8554 .w-grid-item-h:hover .usg_post_taxonomy_1{transform:scale(1) translate(0%,0%);opacity:1}.layout_8554 .usg_post_image_1{position:absolute!important;left:0!important;top:0!important;bottom:0!important;right:0!important;background:var(--color-header-transparent-bg-grad,var(--color-header-transparent-bg) )!important}.layout_8554 .usg_vwrapper_1{color:var(--color-header-middle-text)!important;text-align:left!important;font-weight:500!important;width:60%!important;height:20%!important;margin-left:15!important;position:absolute!important;left:5!important;bottom:0!important;z-index:3!important;background:var(--color-header-middle-text)!important;border:2 solid var(--color-header-middle-text)!important}.layout_8554 .usg_post_title_1{color:#fff!important;text-align:left!important;font-size:1rem!important;position:relative!important;left:5%!important;bottom:10!important}.layout_8554 .usg_post_taxonomy_1{color:var(--color-header-middle-bg)!important;text-align:left!important;font-size:1.2rem!important;font-family:var(--h2-font-family)!important;width:100%!important;height:25%!important;margin-left:20!important;padding-left:20!important;left:30!important;bottom:1!important;z-index:3!important}.layout_8554 .usg_vwrapper_2{width:40%!important;z-index:2!important}.layout_8554 .usg_vwrapper_3{width:100%!important;height:25%!important;position:absolute!important;top:0!important;z-index:2!important;background:var(--color-header-transparent-bg-grad,var(--color-header-transparent-bg) )!important}<\/style><div class=\"w-grid-list\">\t<article class=\"w-grid-item size_1x1 post-7465 post type-post status-publish format-standard has-post-thumbnail hentry category-jobangebote\" data-id=\"7465\">\r\n\t\t<div class=\"w-grid-item-h\">\r\n\t\t\t\t\t\t<div class=\"w-post-elm post_image usg_post_image_1 has_ratio\"><a href=\"https:\/\/www.idenova.nl\/de\/stets-auf-der-suche\/\" aria-label=\"Stets auf der Suche\"><img loading=\"lazy\" decoding=\"async\" width=\"1024\" height=\"683\" src=\"https:\/\/www.idenova.nl\/wp-content\/uploads\/2024\/12\/idenova-vacture-industrieel-ontwerper-1024x683.png\" class=\"attachment-large size-large wp-post-image\" alt=\"\" \/><\/a><div style=\"padding-bottom:66.6667%\"><\/div><\/div><div class=\"w-vwrapper usg_vwrapper_3 align_none valign_top\"><\/div><div class=\"w-vwrapper usg_vwrapper_2 align_center valign_top\"><div class=\"w-hwrapper usg_hwrapper_1 align_none valign_top\"><div class=\"w-post-elm post_taxonomy usg_post_taxonomy_1 has_text_color style_simple color_link_inherit\"><a class=\"term-40 term-jobangebote\" href=\"https:\/\/www.idenova.nl\/de\/stets-auf-der-suche\/\"><span class=\"w-btn-label\">Jobangebote<\/span><\/a><\/div><\/div><\/div><div class=\"w-vwrapper usg_vwrapper_1 has_text_color align_left valign_middle\"><h3 class=\"w-post-elm post_title usg_post_title_1 has_text_color align_center entry-title color_link_inherit\">Stets auf der Suche<\/h3><\/div>\t\t<\/div>\r\n\t\t\t<\/article>\r\n\t<article class=\"w-grid-item size_1x1 post-7306 post type-post status-publish format-standard has-post-thumbnail hentry category-auszeichnungen\" data-id=\"7306\">\r\n\t\t<div class=\"w-grid-item-h\">\r\n\t\t\t\t\t\t<div class=\"w-post-elm post_image usg_post_image_1 has_ratio\"><a href=\"https:\/\/www.idenova.nl\/de\/auszeichnung-dank-fachlichem-know-how-und-bodenstaendigkeit-im-kleinbetrieb\/\" aria-label=\"Auszeichnung dank fachlichem Know-how und Bodenst\u00e4ndigkeit im Kleinbetrieb\"><img loading=\"lazy\" decoding=\"async\" width=\"1024\" height=\"602\" src=\"https:\/\/www.idenova.nl\/wp-content\/uploads\/2022\/11\/idenova-golden-if-award-voor-idenova-1024x602.webp\" class=\"attachment-large size-large wp-post-image\" alt=\"\" \/><\/a><div style=\"padding-bottom:66.6667%\"><\/div><\/div><div class=\"w-vwrapper usg_vwrapper_3 align_none valign_top\"><\/div><div class=\"w-vwrapper usg_vwrapper_2 align_center valign_top\"><div class=\"w-hwrapper usg_hwrapper_1 align_none valign_top\"><div class=\"w-post-elm post_taxonomy usg_post_taxonomy_1 has_text_color style_simple color_link_inherit\"><a class=\"term-36 term-auszeichnungen\" href=\"https:\/\/www.idenova.nl\/de\/auszeichnung-dank-fachlichem-know-how-und-bodenstaendigkeit-im-kleinbetrieb\/\"><span class=\"w-btn-label\">Auszeichnungen<\/span><\/a><\/div><\/div><\/div><div class=\"w-vwrapper usg_vwrapper_1 has_text_color align_left valign_middle\"><h3 class=\"w-post-elm post_title usg_post_title_1 has_text_color align_center entry-title color_link_inherit\">Auszeichnung dank fachlichem Know-how und Bodenst\u00e4ndigkeit im Kleinbetrieb<\/h3><\/div>\t\t<\/div>\r\n\t\t\t<\/article>\r\n<\/div>\t<div class=\"w-grid-preloader\">\r\n\t\t<div class=\"g-preloader type_custom\">\r\n\t\t\t<div><img loading=\"lazy\" decoding=\"async\" width=\"300\" height=\"300\" src=\"https:\/\/www.idenova.nl\/wp-content\/uploads\/2020\/10\/idenova-logo-zwart.svg\" class=\"attachment-medium size-medium\" alt=\"\" srcset=\"https:\/\/www.idenova.nl\/wp-content\/uploads\/\/2020\/10\/idenova-logo-zwart.svg 150w, https:\/\/www.idenova.nl\/wp-content\/uploads\/\/2020\/10\/idenova-logo-zwart.svg 300w, https:\/\/www.idenova.nl\/wp-content\/uploads\/\/2020\/10\/idenova-logo-zwart.svg 1024w, https:\/\/www.idenova.nl\/wp-content\/uploads\/\/2020\/10\/idenova-logo-zwart.svg 1536w\" sizes=\"auto, (max-width: 300px) 100vw, 300px\" \/><\/div>\r\n\t\t<\/div>\r\n\t<\/div>\r\n\t\t<div class=\"w-grid-json hidden\" onclick='return {&quot;action&quot;:&quot;us_ajax_grid&quot;,&quot;infinite_scroll&quot;:0,&quot;max_num_pages&quot;:1,&quot;pagination&quot;:&quot;none&quot;,&quot;template_vars&quot;:{&quot;columns&quot;:&quot;3&quot;,&quot;exclude_items&quot;:&quot;none&quot;,&quot;img_size&quot;:&quot;default&quot;,&quot;ignore_items_size&quot;:0,&quot;items_layout&quot;:&quot;8554&quot;,&quot;items_offset&quot;:&quot;1&quot;,&quot;load_animation&quot;:&quot;none&quot;,&quot;overriding_link&quot;:&quot;%7B%22url%22%3A%22%22%7D&quot;,&quot;post_id&quot;:0,&quot;query_args&quot;:{&quot;post_type&quot;:[&quot;post&quot;],&quot;post_status&quot;:[&quot;publish&quot;],&quot;posts_per_page&quot;:999},&quot;orderby_query_args&quot;:{&quot;orderby&quot;:{&quot;date&quot;:&quot;DESC&quot;}},&quot;type&quot;:&quot;grid&quot;,&quot;us_grid_post_type&quot;:&quot;post&quot;,&quot;us_grid_ajax_index&quot;:1,&quot;us_grid_filter_query_string&quot;:null,&quot;us_grid_index&quot;:1,&quot;page_args&quot;:[],&quot;lang&quot;:&quot;de&quot;}}'><\/div>\r\n\t<\/div><\/div><\/div><\/div><\/div><\/div><\/section><section class=\"l-section wpb_row height_auto width_full\"><div class=\"l-section-h i-cf\"><div class=\"g-cols vc_row via_flex valign_top type_default stacking_default\"><div class=\"vc_col-sm-12 wpb_column vc_column_container\"><div class=\"vc_column-inner\"><div class=\"wpb_wrapper\"><section class=\"l-section wpb_row height_auto width_full\"><div class=\"l-section-h i-cf\"><div class=\"g-cols vc_row via_flex valign_top type_default stacking_default\"><div class=\"vc_col-sm-6 wpb_column vc_column_container  has_bg_color\"><div class=\"vc_column-inner us_custom_675d9bc1 us_animate_this\"><div class=\"wpb_wrapper\"><\/div><\/div><\/div><div class=\"vc_col-sm-6 wpb_column vc_column_container has_bg_color\"><div class=\"vc_column-inner us_custom_0d15be52\"><div class=\"wpb_wrapper\"><div class=\"g-cols wpb_row us_custom_66cb9325 via_flex valign_top type_default stacking_default\"><div class=\"vc_col-sm-12 wpb_column vc_column_container\"><div class=\"vc_column-inner us_custom_ff13c409 us_animate_this\"><div class=\"wpb_wrapper\"><div class=\"wpb_text_column\"><div class=\"wpb_wrapper\"><h5>\u00dcber uns<\/h5>\n<h2>Idenova entwirft Funktionalit\u00e4t f\u00fcr den t\u00e4glichen Gebrauch<\/h2>\n<p>Die Industriedesign-Agentur Idenova bietet seit 2001 Konzeptentwicklung, Industriedesign und Engineering f\u00fcr den Gesch\u00e4ftsmarkt an. Bei der Umsetzung von Konzepten in konkrete Entw\u00fcrfe kombinieren wir Kreativit\u00e4t mit technischem Know-how und N\u00fctzlichkeit.<\/p>\n<\/div><\/div><div class=\"w-separator size_small\"><\/div><div class=\"w-btn-wrapper align_none\"><a class=\"w-btn us-btn-style_1 icon_atright\" title=\"Lesen Sie mehr\" href=\"https:\/\/www.idenova.nl\/de\/uber-uns\/\"><span class=\"w-btn-label\">Lesen Sie mehr<\/span><i class=\"fas fa-arrow-right\"><\/i><\/a><\/div><\/div><\/div><\/div><\/div><\/div><\/div><\/div><\/div><\/div><\/section>\n<\/div><\/div><\/div><\/div><\/div><\/section>\n","protected":false},"excerpt":{"rendered":"Ein wesentlicher Gesch\u00e4ftspartner. Dazu hat sich Idenova mittlerweile f\u00fcr Urban Iki entwickelt. Laut Gesch\u00e4ftsf\u00fchrer Ronald Scheppink hat die Chemie gleich gestimmt. Deshalb arbeitet er seit der Gr\u00fcndung seines Unternehmens auch mit Idenova zusammen. Urban Iki m\u00f6chte mit seinem praktischen Fahrradkindersitz die Welt erobern. Obwohl es immer im Vorfeld eine Vorstellung davon gibt, wie etwas auszusehen...","protected":false},"author":1,"featured_media":7033,"parent":0,"menu_order":0,"comment_status":"closed","ping_status":"closed","template":"","meta":{"_monsterinsights_skip_tracking":false,"_monsterinsights_sitenote_active":false,"_monsterinsights_sitenote_note":"","_monsterinsights_sitenote_category":0,"footnotes":""},"class_list":["post-6708","page","type-page","status-publish","has-post-thumbnail","hentry"],"yoast_head":"<!-- This site is optimized with the Yoast SEO Premium plugin v26.3 (Yoast SEO v27.4) - https:\/\/yoast.com\/product\/yoast-seo-premium-wordpress\/ -->\n<title>Aktuelles - Idenova<\/title>\n<meta name=\"description\" content=\"Idenova entwickelt sich kontinuierlich weiter. Gerne informieren wir Sie \u00fcber die neuesten Entwicklungen in unserem Unternehmen.\" \/>\n<meta name=\"robots\" content=\"index, follow, max-snippet:-1, max-image-preview:large, max-video-preview:-1\" \/>\n<link rel=\"canonical\" href=\"https:\/\/www.idenova.nl\/de\/aktuelles\/\" \/>\n<meta property=\"og:locale\" content=\"de_DE\" \/>\n<meta property=\"og:type\" content=\"article\" \/>\n<meta property=\"og:title\" content=\"Aktuelles\" \/>\n<meta property=\"og:description\" content=\"Idenova entwickelt sich kontinuierlich weiter. Gerne informieren wir Sie \u00fcber die neuesten Entwicklungen in unserem Unternehmen.\" \/>\n<meta property=\"og:url\" content=\"https:\/\/www.idenova.nl\/de\/aktuelles\/\" \/>\n<meta property=\"og:site_name\" content=\"Idenova\" \/>\n<meta property=\"article:publisher\" content=\"https:\/\/www.facebook.com\/idenovadesign\" \/>\n<meta property=\"article:modified_time\" content=\"2024-12-27T16:54:01+00:00\" \/>\n<meta property=\"og:image\" content=\"https:\/\/www.idenova.nl\/wp-content\/uploads\/2020\/10\/idenova-golden-if-award-voor-idenova.webp\" \/>\n\t<meta property=\"og:image:width\" content=\"1439\" \/>\n\t<meta property=\"og:image:height\" content=\"847\" \/>\n\t<meta property=\"og:image:type\" content=\"image\/png\" \/>\n<meta name=\"twitter:card\" content=\"summary_large_image\" \/>\n<meta name=\"twitter:label1\" content=\"Gesch\u00e4tzte Lesezeit\" \/>\n\t<meta name=\"twitter:data1\" content=\"1\u00a0Minute\" \/>\n<script type=\"application\/ld+json\" class=\"yoast-schema-graph\">{\"@context\":\"https:\\\/\\\/schema.org\",\"@graph\":[{\"@type\":\"WebPage\",\"@id\":\"https:\\\/\\\/www.idenova.nl\\\/de\\\/aktuelles\\\/\",\"url\":\"https:\\\/\\\/www.idenova.nl\\\/de\\\/aktuelles\\\/\",\"name\":\"Aktuelles - Idenova\",\"isPartOf\":{\"@id\":\"https:\\\/\\\/www.idenova.nl\\\/de\\\/#website\"},\"primaryImageOfPage\":{\"@id\":\"https:\\\/\\\/www.idenova.nl\\\/de\\\/aktuelles\\\/#primaryimage\"},\"image\":{\"@id\":\"https:\\\/\\\/www.idenova.nl\\\/de\\\/aktuelles\\\/#primaryimage\"},\"thumbnailUrl\":\"https:\\\/\\\/www.idenova.nl\\\/wp-content\\\/uploads\\\/2020\\\/10\\\/idenova-golden-if-award-voor-idenova.webp\",\"datePublished\":\"2022-06-30T09:51:39+00:00\",\"dateModified\":\"2024-12-27T16:54:01+00:00\",\"description\":\"Idenova entwickelt sich kontinuierlich weiter. Gerne informieren wir Sie \u00fcber die neuesten Entwicklungen in unserem Unternehmen.\",\"breadcrumb\":{\"@id\":\"https:\\\/\\\/www.idenova.nl\\\/de\\\/aktuelles\\\/#breadcrumb\"},\"inLanguage\":\"de\",\"potentialAction\":[{\"@type\":\"ReadAction\",\"target\":[\"https:\\\/\\\/www.idenova.nl\\\/de\\\/aktuelles\\\/\"]}]},{\"@type\":\"ImageObject\",\"inLanguage\":\"de\",\"@id\":\"https:\\\/\\\/www.idenova.nl\\\/de\\\/aktuelles\\\/#primaryimage\",\"url\":\"https:\\\/\\\/www.idenova.nl\\\/wp-content\\\/uploads\\\/2020\\\/10\\\/idenova-golden-if-award-voor-idenova.webp\",\"contentUrl\":\"https:\\\/\\\/www.idenova.nl\\\/wp-content\\\/uploads\\\/2020\\\/10\\\/idenova-golden-if-award-voor-idenova.webp\",\"width\":1439,\"height\":847},{\"@type\":\"BreadcrumbList\",\"@id\":\"https:\\\/\\\/www.idenova.nl\\\/de\\\/aktuelles\\\/#breadcrumb\",\"itemListElement\":[{\"@type\":\"ListItem\",\"position\":1,\"name\":\"Home\",\"item\":\"https:\\\/\\\/www.idenova.nl\\\/de\\\/\"},{\"@type\":\"ListItem\",\"position\":2,\"name\":\"Aktuelles\"}]},{\"@type\":\"WebSite\",\"@id\":\"https:\\\/\\\/www.idenova.nl\\\/de\\\/#website\",\"url\":\"https:\\\/\\\/www.idenova.nl\\\/de\\\/\",\"name\":\"Idenova\",\"description\":\"Industrial design\",\"publisher\":{\"@id\":\"https:\\\/\\\/www.idenova.nl\\\/de\\\/#organization\"},\"potentialAction\":[{\"@type\":\"SearchAction\",\"target\":{\"@type\":\"EntryPoint\",\"urlTemplate\":\"https:\\\/\\\/www.idenova.nl\\\/de\\\/?s={search_term_string}\"},\"query-input\":{\"@type\":\"PropertyValueSpecification\",\"valueRequired\":true,\"valueName\":\"search_term_string\"}}],\"inLanguage\":\"de\"},{\"@type\":\"Organization\",\"@id\":\"https:\\\/\\\/www.idenova.nl\\\/de\\\/#organization\",\"name\":\"Idenova\",\"url\":\"https:\\\/\\\/www.idenova.nl\\\/de\\\/\",\"logo\":{\"@type\":\"ImageObject\",\"inLanguage\":\"de\",\"@id\":\"https:\\\/\\\/www.idenova.nl\\\/de\\\/#\\\/schema\\\/logo\\\/image\\\/\",\"url\":\"https:\\\/\\\/idenova.nl\\\/wp-content\\\/uploads\\\/2020\\\/10\\\/idenova-logo-zwart.svg\",\"contentUrl\":\"https:\\\/\\\/idenova.nl\\\/wp-content\\\/uploads\\\/2020\\\/10\\\/idenova-logo-zwart.svg\",\"width\":782,\"height\":70,\"caption\":\"Idenova\"},\"image\":{\"@id\":\"https:\\\/\\\/www.idenova.nl\\\/de\\\/#\\\/schema\\\/logo\\\/image\\\/\"},\"sameAs\":[\"https:\\\/\\\/www.facebook.com\\\/idenovadesign\",\"https:\\\/\\\/www.instagram.com\\\/idenovadesign\\\/\",\"https:\\\/\\\/www.linkedin.com\\\/company\\\/idenova-industrial-design\\\/\"]}]}<\/script>\n<!-- \/ Yoast SEO Premium plugin. -->","yoast_head_json":{"title":"Aktuelles - Idenova","description":"Idenova entwickelt sich kontinuierlich weiter. Gerne informieren wir Sie \u00fcber die neuesten Entwicklungen in unserem Unternehmen.","robots":{"index":"index","follow":"follow","max-snippet":"max-snippet:-1","max-image-preview":"max-image-preview:large","max-video-preview":"max-video-preview:-1"},"canonical":"https:\/\/www.idenova.nl\/de\/aktuelles\/","og_locale":"de_DE","og_type":"article","og_title":"Aktuelles","og_description":"Idenova entwickelt sich kontinuierlich weiter. Gerne informieren wir Sie \u00fcber die neuesten Entwicklungen in unserem Unternehmen.","og_url":"https:\/\/www.idenova.nl\/de\/aktuelles\/","og_site_name":"Idenova","article_publisher":"https:\/\/www.facebook.com\/idenovadesign","article_modified_time":"2024-12-27T16:54:01+00:00","og_image":[{"width":1439,"height":847,"url":"https:\/\/www.idenova.nl\/wp-content\/uploads\/2020\/10\/idenova-golden-if-award-voor-idenova.webp","type":"image\/png"}],"twitter_card":"summary_large_image","twitter_misc":{"Gesch\u00e4tzte Lesezeit":"1\u00a0Minute"},"schema":{"@context":"https:\/\/schema.org","@graph":[{"@type":"WebPage","@id":"https:\/\/www.idenova.nl\/de\/aktuelles\/","url":"https:\/\/www.idenova.nl\/de\/aktuelles\/","name":"Aktuelles - Idenova","isPartOf":{"@id":"https:\/\/www.idenova.nl\/de\/#website"},"primaryImageOfPage":{"@id":"https:\/\/www.idenova.nl\/de\/aktuelles\/#primaryimage"},"image":{"@id":"https:\/\/www.idenova.nl\/de\/aktuelles\/#primaryimage"},"thumbnailUrl":"https:\/\/www.idenova.nl\/wp-content\/uploads\/2020\/10\/idenova-golden-if-award-voor-idenova.webp","datePublished":"2022-06-30T09:51:39+00:00","dateModified":"2024-12-27T16:54:01+00:00","description":"Idenova entwickelt sich kontinuierlich weiter. Gerne informieren wir Sie \u00fcber die neuesten Entwicklungen in unserem Unternehmen.","breadcrumb":{"@id":"https:\/\/www.idenova.nl\/de\/aktuelles\/#breadcrumb"},"inLanguage":"de","potentialAction":[{"@type":"ReadAction","target":["https:\/\/www.idenova.nl\/de\/aktuelles\/"]}]},{"@type":"ImageObject","inLanguage":"de","@id":"https:\/\/www.idenova.nl\/de\/aktuelles\/#primaryimage","url":"https:\/\/www.idenova.nl\/wp-content\/uploads\/2020\/10\/idenova-golden-if-award-voor-idenova.webp","contentUrl":"https:\/\/www.idenova.nl\/wp-content\/uploads\/2020\/10\/idenova-golden-if-award-voor-idenova.webp","width":1439,"height":847},{"@type":"BreadcrumbList","@id":"https:\/\/www.idenova.nl\/de\/aktuelles\/#breadcrumb","itemListElement":[{"@type":"ListItem","position":1,"name":"Home","item":"https:\/\/www.idenova.nl\/de\/"},{"@type":"ListItem","position":2,"name":"Aktuelles"}]},{"@type":"WebSite","@id":"https:\/\/www.idenova.nl\/de\/#website","url":"https:\/\/www.idenova.nl\/de\/","name":"Idenova","description":"Industrial design","publisher":{"@id":"https:\/\/www.idenova.nl\/de\/#organization"},"potentialAction":[{"@type":"SearchAction","target":{"@type":"EntryPoint","urlTemplate":"https:\/\/www.idenova.nl\/de\/?s={search_term_string}"},"query-input":{"@type":"PropertyValueSpecification","valueRequired":true,"valueName":"search_term_string"}}],"inLanguage":"de"},{"@type":"Organization","@id":"https:\/\/www.idenova.nl\/de\/#organization","name":"Idenova","url":"https:\/\/www.idenova.nl\/de\/","logo":{"@type":"ImageObject","inLanguage":"de","@id":"https:\/\/www.idenova.nl\/de\/#\/schema\/logo\/image\/","url":"https:\/\/idenova.nl\/wp-content\/uploads\/2020\/10\/idenova-logo-zwart.svg","contentUrl":"https:\/\/idenova.nl\/wp-content\/uploads\/2020\/10\/idenova-logo-zwart.svg","width":782,"height":70,"caption":"Idenova"},"image":{"@id":"https:\/\/www.idenova.nl\/de\/#\/schema\/logo\/image\/"},"sameAs":["https:\/\/www.facebook.com\/idenovadesign","https:\/\/www.instagram.com\/idenovadesign\/","https:\/\/www.linkedin.com\/company\/idenova-industrial-design\/"]}]}},"_links":{"self":[{"href":"https:\/\/www.idenova.nl\/de\/wp-json\/wp\/v2\/pages\/6708","targetHints":{"allow":["GET"]}}],"collection":[{"href":"https:\/\/www.idenova.nl\/de\/wp-json\/wp\/v2\/pages"}],"about":[{"href":"https:\/\/www.idenova.nl\/de\/wp-json\/wp\/v2\/types\/page"}],"author":[{"embeddable":true,"href":"https:\/\/www.idenova.nl\/de\/wp-json\/wp\/v2\/users\/1"}],"replies":[{"embeddable":true,"href":"https:\/\/www.idenova.nl\/de\/wp-json\/wp\/v2\/comments?post=6708"}],"version-history":[{"count":13,"href":"https:\/\/www.idenova.nl\/de\/wp-json\/wp\/v2\/pages\/6708\/revisions"}],"predecessor-version":[{"id":8563,"href":"https:\/\/www.idenova.nl\/de\/wp-json\/wp\/v2\/pages\/6708\/revisions\/8563"}],"wp:featuredmedia":[{"embeddable":true,"href":"https:\/\/www.idenova.nl\/de\/wp-json\/wp\/v2\/media\/7033"}],"wp:attachment":[{"href":"https:\/\/www.idenova.nl\/de\/wp-json\/wp\/v2\/media?parent=6708"}],"curies":[{"name":"wp","href":"https:\/\/api.w.org\/{rel}","templated":true}]}}