{"id":6715,"date":"2022-06-30T11:52:30","date_gmt":"2022-06-30T09:52:30","guid":{"rendered":"http:\/\/idenova.nl\/projekte\/"},"modified":"2024-12-27T17:57:59","modified_gmt":"2024-12-27T16:57:59","slug":"projekte","status":"publish","type":"page","link":"https:\/\/www.idenova.nl\/de\/projekte\/","title":{"rendered":"Projekte mit funktionalem Design"},"content":{"rendered":"<section class=\"l-section wpb_row us_custom_de6692ca height_large color_alternate with_shape\"><div class=\"l-section-shape type_tilt pos_bottom on_front hor_flip\" style=\"height:16vh;\"><svg xmlns=\"http:\/\/www.w3.org\/2000\/svg\" viewBox=\"0 0 64 8\" preserveAspectRatio=\"none\" width=\"100%\" height=\"100%\">\r\n\t<path fill=\"currentColor\" d=\"M64 7.9 L64 10 L0 10 L0 0 Z\"\/>\r\n<\/svg><\/div><div class=\"l-section-h i-cf\"><div class=\"g-cols vc_row via_flex valign_top type_default stacking_default\"><div class=\"vc_col-sm-3\/5 wpb_column vc_column_container\"><div class=\"vc_column-inner us_custom_8c71efed us_animate_this\"><div class=\"wpb_wrapper\"><div class=\"wpb_text_column\"><div class=\"wpb_wrapper\"><h5>Gebruiksvriendelijk, minimalistisch en toepasbaar<\/h5>\n<\/div><\/div><h1 class=\"w-post-elm post_title entry-title color_link_inherit\">Projekte mit funktionalem Design<\/h1><div class=\"wpb_text_column\"><div class=\"wpb_wrapper\"><p>Idenova kombiniert Design mit Funktionalit\u00e4t. Unsere Entw\u00fcrfe sind benutzerfreundlich, minimalistisch und anwendbar. Eine Auswahl.<\/p>\n<\/div><\/div><div class=\"w-separator size_small\"><\/div><div class=\"w-btn-wrapper align_none\"><a class=\"w-btn us-btn-style_8 icon_atleft\" title=\"Projekte anzeigen\" href=\"#projekte\"><i class=\"fas fa-arrow-down\"><\/i><span class=\"w-btn-label\">Projekte anzeigen<\/span><\/a><\/div><\/div><\/div><\/div><div class=\"vc_col-sm-2\/5 wpb_column vc_column_container\"><div class=\"vc_column-inner\"><div class=\"wpb_wrapper\"><\/div><\/div><\/div><\/div><\/div><\/section><section class=\"l-section wpb_row height_large\" id=\"projekte\"><div class=\"l-section-h i-cf\"><div class=\"g-cols vc_row via_flex valign_top type_default stacking_default\"><div class=\"vc_col-sm-12 wpb_column vc_column_container\"><div class=\"vc_column-inner us_custom_de366d1c us_animate_this\"><div class=\"wpb_wrapper\"><div class=\"w-grid us_grid type_grid layout_8525 cols_2 preload_style_spinner ratio_1x1\" id=\"us_grid_1\" style=\"--columns:2;--gap:1.5rem;--item-ratio:1;\" data-filterable=\"true\"><style>@media (max-width:600px){#us_grid_1{--columns:1!important}}.layout_8525 .w-grid-item-h{}.layout_8525 .usg_post_image_1{transition-duration:0.3s;transform-origin:50% 50%;transform:scale(1) translate(0%,0%)}.layout_8525 .w-grid-item-h:focus-within .usg_post_image_1,.layout_8525 .w-grid-item-h:hover .usg_post_image_1{transform:scale(1.05) translate(0%,0%);opacity:1}.layout_8525 .usg_vwrapper_1{transition-duration:0.4s;transform-origin:50% 50%;transform:scale(1) translate(0%,0%);opacity:0}.layout_8525 .w-grid-item-h:focus-within .usg_vwrapper_1,.layout_8525 .w-grid-item-h:hover .usg_vwrapper_1{transform:scale(1) translate(0%,0%);opacity:1}.layout_8525 .usg_post_title_1{transition-duration:0.35s;transform-origin:50% 50%;transform:scale(1) translate(0%,35%)}.layout_8525 .w-grid-item-h:focus-within .usg_post_title_1,.layout_8525 .w-grid-item-h:hover .usg_post_title_1{transform:scale(1) translate(0%,0%);opacity:1}.layout_8525 .usg_post_taxonomy_1{transition-duration:0.35s;transform-origin:50% 50%;transform:scale(1) translate(0%,100%);opacity:0}.layout_8525 .w-grid-item-h:focus-within .usg_post_taxonomy_1,.layout_8525 .w-grid-item-h:hover .usg_post_taxonomy_1{transform:scale(1) translate(0%,0%);opacity:0.75}.layout_8525 .usg_post_image_1{position:absolute!important;left:0!important;top:0!important;bottom:0!important;right:0!important}.layout_8525 .usg_vwrapper_1{width:15rem!important;height:10%!important;margin-left:10!important;margin-right:10!important;position:absolute!important;left:0!important;bottom:0!important;background:var(--color-header-middle-text)!important}.layout_8525 .usg_post_title_1{color:#fff!important;text-align:center!important;font-size:1.1rem!important;position:relative!important}.layout_8525 .usg_post_taxonomy_1{color:#fff!important;font-size:0.9rem!important}<\/style><div class=\"w-grid-list\">\t<article class=\"w-grid-item size_1x1 post-8325 us_portfolio type-us_portfolio status-publish has-post-thumbnail hentry\" data-id=\"8325\">\r\n\t\t<div class=\"w-grid-item-h\">\r\n\t\t\t\t\t\t<div class=\"w-post-elm post_image usg_post_image_1 stretched\"><a href=\"https:\/\/www.idenova.nl\/de\/projecten\/smart-grip\/\" aria-label=\"Smart Grip\"><img loading=\"lazy\" decoding=\"async\" width=\"1024\" height=\"576\" src=\"https:\/\/www.idenova.nl\/wp-content\/uploads\/2022\/12\/Renders_extensionforcable.21-1024x576.png\" class=\"attachment-large size-large wp-post-image\" alt=\"\" srcset=\"https:\/\/www.idenova.nl\/wp-content\/uploads\/2022\/12\/Renders_extensionforcable.21-1024x576.png 1024w, https:\/\/www.idenova.nl\/wp-content\/uploads\/2022\/12\/Renders_extensionforcable.21-300x169.png 300w, https:\/\/www.idenova.nl\/wp-content\/uploads\/2022\/12\/Renders_extensionforcable.21-1536x864.png 1536w\" sizes=\"auto, (max-width: 1024px) 100vw, 1024px\" \/><\/a><\/div><div class=\"w-vwrapper usg_vwrapper_1 align_center valign_middle\"><h2 class=\"w-post-elm post_title usg_post_title_1 has_text_color align_center entry-title color_link_inherit\">Smart Grip<\/h2><\/div>\t\t<\/div>\r\n\t\t\t<\/article>\r\n\t<article class=\"w-grid-item size_1x1 post-6723 us_portfolio type-us_portfolio status-publish has-post-thumbnail hentry\" data-id=\"6723\">\r\n\t\t<div class=\"w-grid-item-h\">\r\n\t\t\t\t\t\t<div class=\"w-post-elm post_image usg_post_image_1 stretched\"><a href=\"https:\/\/www.idenova.nl\/de\/projecten\/urban-iki\/\" aria-label=\"Urban Iki\"><img loading=\"lazy\" decoding=\"async\" width=\"700\" height=\"700\" src=\"https:\/\/www.idenova.nl\/wp-content\/uploads\/2024\/12\/451189022608-4-700x700-1.jpg\" class=\"attachment-large size-large wp-post-image\" alt=\"\" srcset=\"https:\/\/www.idenova.nl\/wp-content\/uploads\/2024\/12\/451189022608-4-700x700-1.jpg 700w, https:\/\/www.idenova.nl\/wp-content\/uploads\/2024\/12\/451189022608-4-700x700-1-300x300.jpg 300w, https:\/\/www.idenova.nl\/wp-content\/uploads\/2024\/12\/451189022608-4-700x700-1-150x150.jpg 150w\" sizes=\"auto, (max-width: 700px) 100vw, 700px\" \/><\/a><\/div><div class=\"w-vwrapper usg_vwrapper_1 align_center valign_middle\"><h2 class=\"w-post-elm post_title usg_post_title_1 has_text_color align_center entry-title color_link_inherit\">Urban Iki<\/h2><\/div>\t\t<\/div>\r\n\t\t\t<\/article>\r\n\t<article class=\"w-grid-item size_1x1 post-7765 us_portfolio type-us_portfolio status-publish has-post-thumbnail hentry\" data-id=\"7765\">\r\n\t\t<div class=\"w-grid-item-h\">\r\n\t\t\t\t\t\t<div class=\"w-post-elm post_image usg_post_image_1 stretched\"><a href=\"https:\/\/www.idenova.nl\/de\/projecten\/vanderlande-adapto\/\" aria-label=\"Adapto Shuttle\"><img loading=\"lazy\" decoding=\"async\" width=\"1024\" height=\"576\" src=\"https:\/\/www.idenova.nl\/wp-content\/uploads\/2022\/12\/hq720-Large-1024x576.jpg\" class=\"attachment-large size-large wp-post-image\" alt=\"\" srcset=\"https:\/\/www.idenova.nl\/wp-content\/uploads\/2022\/12\/hq720-Large-1024x576.jpg 1024w, https:\/\/www.idenova.nl\/wp-content\/uploads\/2022\/12\/hq720-Large-300x169.jpg 300w, https:\/\/www.idenova.nl\/wp-content\/uploads\/2022\/12\/hq720-Large-1536x864.jpg 1536w, https:\/\/www.idenova.nl\/wp-content\/uploads\/2022\/12\/hq720-Large.jpg 1920w\" sizes=\"auto, (max-width: 1024px) 100vw, 1024px\" \/><\/a><\/div><div class=\"w-vwrapper usg_vwrapper_1 align_center valign_middle\"><h2 class=\"w-post-elm post_title usg_post_title_1 has_text_color align_center entry-title color_link_inherit\">Adapto Shuttle<\/h2><\/div>\t\t<\/div>\r\n\t\t\t<\/article>\r\n\t<article class=\"w-grid-item size_1x1 post-6719 us_portfolio type-us_portfolio status-publish has-post-thumbnail hentry\" data-id=\"6719\">\r\n\t\t<div class=\"w-grid-item-h\">\r\n\t\t\t\t\t\t<div class=\"w-post-elm post_image usg_post_image_1 stretched\"><a href=\"https:\/\/www.idenova.nl\/de\/projecten\/fleet-bagrunner\/\" aria-label=\"FLEET Bagrunner\"><img loading=\"lazy\" decoding=\"async\" width=\"1024\" height=\"683\" src=\"https:\/\/www.idenova.nl\/wp-content\/uploads\/2020\/10\/idenova-fleet-bagrunner-in-action-1-featured-1024x683.webp\" class=\"attachment-large size-large wp-post-image\" alt=\"\" srcset=\"https:\/\/www.idenova.nl\/wp-content\/uploads\/2020\/10\/idenova-fleet-bagrunner-in-action-1-featured-1024x683.webp 1024w, https:\/\/www.idenova.nl\/wp-content\/uploads\/2020\/10\/idenova-fleet-bagrunner-in-action-1-featured-300x200.webp 300w, https:\/\/www.idenova.nl\/wp-content\/uploads\/2020\/10\/idenova-fleet-bagrunner-in-action-1-featured.webp 1080w\" sizes=\"auto, (max-width: 1024px) 100vw, 1024px\" \/><\/a><\/div><div class=\"w-vwrapper usg_vwrapper_1 align_center valign_middle\"><h2 class=\"w-post-elm post_title usg_post_title_1 has_text_color align_center entry-title color_link_inherit\">FLEET Bagrunner<\/h2><\/div>\t\t<\/div>\r\n\t\t\t<\/article>\r\n\t<article class=\"w-grid-item size_1x1 post-6727 us_portfolio type-us_portfolio status-publish has-post-thumbnail hentry\" data-id=\"6727\">\r\n\t\t<div class=\"w-grid-item-h\">\r\n\t\t\t\t\t\t<div class=\"w-post-elm post_image usg_post_image_1 stretched\"><a href=\"https:\/\/www.idenova.nl\/de\/projecten\/grijsen-park-straatdesign\/\" aria-label=\"Grijsen Park &amp; Straatdesign\"><img loading=\"lazy\" decoding=\"async\" width=\"1024\" height=\"626\" src=\"https:\/\/www.idenova.nl\/wp-content\/uploads\/2024\/12\/Rauschenbergbank_complete_open.1936-Custom-1024x626.png\" class=\"attachment-large size-large wp-post-image\" alt=\"\" srcset=\"https:\/\/www.idenova.nl\/wp-content\/uploads\/2024\/12\/Rauschenbergbank_complete_open.1936-Custom-1024x626.png 1024w, https:\/\/www.idenova.nl\/wp-content\/uploads\/2024\/12\/Rauschenbergbank_complete_open.1936-Custom-300x183.png 300w, https:\/\/www.idenova.nl\/wp-content\/uploads\/2024\/12\/Rauschenbergbank_complete_open.1936-Custom-1536x939.png 1536w, https:\/\/www.idenova.nl\/wp-content\/uploads\/2024\/12\/Rauschenbergbank_complete_open.1936-Custom.png 1920w\" sizes=\"auto, (max-width: 1024px) 100vw, 1024px\" \/><\/a><\/div><div class=\"w-vwrapper usg_vwrapper_1 align_center valign_middle\"><h2 class=\"w-post-elm post_title usg_post_title_1 has_text_color align_center entry-title color_link_inherit\">Grijsen Park &amp; Straatdesign<\/h2><\/div>\t\t<\/div>\r\n\t\t\t<\/article>\r\n<\/div>\t<div class=\"w-grid-preloader\">\r\n\t\t<div class=\"g-preloader type_custom\">\r\n\t\t\t<div><img loading=\"lazy\" decoding=\"async\" width=\"300\" height=\"300\" src=\"https:\/\/www.idenova.nl\/wp-content\/uploads\/2020\/10\/idenova-logo-zwart.svg\" class=\"attachment-medium size-medium\" alt=\"\" srcset=\"https:\/\/www.idenova.nl\/wp-content\/uploads\/\/2020\/10\/idenova-logo-zwart.svg 150w, https:\/\/www.idenova.nl\/wp-content\/uploads\/\/2020\/10\/idenova-logo-zwart.svg 300w, https:\/\/www.idenova.nl\/wp-content\/uploads\/\/2020\/10\/idenova-logo-zwart.svg 1024w, https:\/\/www.idenova.nl\/wp-content\/uploads\/\/2020\/10\/idenova-logo-zwart.svg 1536w\" sizes=\"auto, (max-width: 300px) 100vw, 300px\" \/><\/div>\r\n\t\t<\/div>\r\n\t<\/div>\r\n\t\t<div class=\"w-grid-json hidden\" onclick='return {&quot;action&quot;:&quot;us_ajax_grid&quot;,&quot;infinite_scroll&quot;:0,&quot;max_num_pages&quot;:1,&quot;pagination&quot;:&quot;none&quot;,&quot;template_vars&quot;:{&quot;columns&quot;:&quot;2&quot;,&quot;exclude_items&quot;:&quot;none&quot;,&quot;img_size&quot;:&quot;default&quot;,&quot;ignore_items_size&quot;:0,&quot;items_layout&quot;:&quot;8525&quot;,&quot;items_offset&quot;:&quot;1&quot;,&quot;load_animation&quot;:&quot;none&quot;,&quot;overriding_link&quot;:&quot;%7B%22url%22%3A%22%22%7D&quot;,&quot;post_id&quot;:0,&quot;query_args&quot;:{&quot;post_type&quot;:[&quot;us_portfolio&quot;],&quot;post_status&quot;:[&quot;publish&quot;],&quot;posts_per_page&quot;:999},&quot;orderby_query_args&quot;:{&quot;orderby&quot;:{&quot;date&quot;:&quot;DESC&quot;}},&quot;type&quot;:&quot;grid&quot;,&quot;us_grid_post_type&quot;:&quot;us_portfolio&quot;,&quot;us_grid_ajax_index&quot;:1,&quot;us_grid_filter_query_string&quot;:null,&quot;us_grid_index&quot;:1,&quot;page_args&quot;:[],&quot;lang&quot;:&quot;de&quot;}}'><\/div>\r\n\t<\/div><\/div><\/div><\/div><\/div><\/div><\/section><section class=\"l-section wpb_row height_auto width_full\"><div class=\"l-section-h i-cf\"><div class=\"g-cols vc_row via_flex valign_top type_default stacking_default\"><div class=\"vc_col-sm-12 wpb_column vc_column_container\"><div class=\"vc_column-inner\"><div class=\"wpb_wrapper\"><section class=\"l-section wpb_row height_auto width_full\"><div class=\"l-section-h i-cf\"><div class=\"g-cols vc_row via_flex valign_top type_default stacking_default\"><div class=\"vc_col-sm-6 wpb_column vc_column_container  has_bg_color\"><div class=\"vc_column-inner us_custom_675d9bc1 us_animate_this\"><div class=\"wpb_wrapper\"><\/div><\/div><\/div><div class=\"vc_col-sm-6 wpb_column vc_column_container has_bg_color\"><div class=\"vc_column-inner us_custom_0d15be52\"><div class=\"wpb_wrapper\"><div class=\"g-cols wpb_row us_custom_66cb9325 via_flex valign_top type_default stacking_default\"><div class=\"vc_col-sm-12 wpb_column vc_column_container\"><div class=\"vc_column-inner us_custom_ff13c409 us_animate_this\"><div class=\"wpb_wrapper\"><div class=\"wpb_text_column\"><div class=\"wpb_wrapper\"><h5>\u00dcber uns<\/h5>\n<h2>Idenova entwirft Funktionalit\u00e4t f\u00fcr den t\u00e4glichen Gebrauch<\/h2>\n<p>Die Industriedesign-Agentur Idenova bietet seit 2001 Konzeptentwicklung, Industriedesign und Engineering f\u00fcr den Gesch\u00e4ftsmarkt an. Bei der Umsetzung von Konzepten in konkrete Entw\u00fcrfe kombinieren wir Kreativit\u00e4t mit technischem Know-how und N\u00fctzlichkeit.<\/p>\n<\/div><\/div><div class=\"w-separator size_small\"><\/div><div class=\"w-btn-wrapper align_none\"><a class=\"w-btn us-btn-style_1 icon_atright\" title=\"Lesen Sie mehr\" href=\"https:\/\/www.idenova.nl\/de\/uber-uns\/\"><span class=\"w-btn-label\">Lesen Sie mehr<\/span><i class=\"fas fa-arrow-right\"><\/i><\/a><\/div><\/div><\/div><\/div><\/div><\/div><\/div><\/div><\/div><\/div><\/section>\n<\/div><\/div><\/div><\/div><\/div><\/section>\n","protected":false},"excerpt":{"rendered":"Optimale Nutzung des \u00f6ffentlichen Raums Grijsen Park &amp; StraatdesignDer \u00f6ffentliche Raum geh\u00f6rt allen und ist f\u00fcr alle. Dort spielt sich ein Gro\u00dfteil unseres t\u00e4glichen Lebens ab. Grijsen Park &amp; Straatdesign ist davon \u00fcberzeugt, dass eine ad\u00e4quate Einrichtung des \u00f6ffentlichen Raums den Menschen Energie gibt, sie sich entspannen l\u00e4sst und sie n\u00e4her zueinander bringt. Lesen Sie...","protected":false},"author":1,"featured_media":6547,"parent":0,"menu_order":0,"comment_status":"closed","ping_status":"closed","template":"","meta":{"_monsterinsights_skip_tracking":false,"_monsterinsights_sitenote_active":false,"_monsterinsights_sitenote_note":"","_monsterinsights_sitenote_category":0,"footnotes":""},"class_list":["post-6715","page","type-page","status-publish","has-post-thumbnail","hentry"],"yoast_head":"<!-- This site is optimized with the Yoast SEO Premium plugin v26.3 (Yoast SEO v27.3) - https:\/\/yoast.com\/product\/yoast-seo-premium-wordpress\/ -->\n<title>Projekte mit funktionalem Design - Idenova<\/title>\n<meta name=\"description\" content=\"Idenova kombiniert Design mit Funktionalit\u00e4t. Unsere Entw\u00fcrfe sind benutzerfreundlich, minimalistisch und anwendbar. Eine Auswahl.\" \/>\n<meta name=\"robots\" content=\"index, follow, max-snippet:-1, max-image-preview:large, max-video-preview:-1\" \/>\n<link rel=\"canonical\" href=\"https:\/\/www.idenova.nl\/de\/projekte\/\" \/>\n<meta property=\"og:locale\" content=\"de_DE\" \/>\n<meta property=\"og:type\" content=\"article\" \/>\n<meta property=\"og:title\" content=\"Projekte mit funktionalem Design\" \/>\n<meta property=\"og:description\" content=\"Idenova kombiniert Design mit Funktionalit\u00e4t. Unsere Entw\u00fcrfe sind benutzerfreundlich, minimalistisch und anwendbar. Eine Auswahl.\" \/>\n<meta property=\"og:url\" content=\"https:\/\/www.idenova.nl\/de\/projekte\/\" \/>\n<meta property=\"og:site_name\" content=\"Idenova\" \/>\n<meta property=\"article:publisher\" content=\"https:\/\/www.facebook.com\/idenovadesign\" \/>\n<meta property=\"article:modified_time\" content=\"2024-12-27T16:57:59+00:00\" \/>\n<meta property=\"og:image\" content=\"https:\/\/www.idenova.nl\/wp-content\/uploads\/2022\/04\/idenova-urban-iki-campagne-rear-seat-3.webp\" \/>\n\t<meta property=\"og:image:width\" content=\"1920\" \/>\n\t<meta property=\"og:image:height\" content=\"1280\" \/>\n\t<meta property=\"og:image:type\" content=\"image\/jpeg\" \/>\n<meta name=\"twitter:card\" content=\"summary_large_image\" \/>\n<meta name=\"twitter:label1\" content=\"Gesch\u00e4tzte Lesezeit\" \/>\n\t<meta name=\"twitter:data1\" content=\"1\u00a0Minute\" \/>\n<script type=\"application\/ld+json\" class=\"yoast-schema-graph\">{\"@context\":\"https:\\\/\\\/schema.org\",\"@graph\":[{\"@type\":\"WebPage\",\"@id\":\"https:\\\/\\\/www.idenova.nl\\\/de\\\/projekte\\\/\",\"url\":\"https:\\\/\\\/www.idenova.nl\\\/de\\\/projekte\\\/\",\"name\":\"Projekte mit funktionalem Design - Idenova\",\"isPartOf\":{\"@id\":\"https:\\\/\\\/www.idenova.nl\\\/de\\\/#website\"},\"primaryImageOfPage\":{\"@id\":\"https:\\\/\\\/www.idenova.nl\\\/de\\\/projekte\\\/#primaryimage\"},\"image\":{\"@id\":\"https:\\\/\\\/www.idenova.nl\\\/de\\\/projekte\\\/#primaryimage\"},\"thumbnailUrl\":\"https:\\\/\\\/www.idenova.nl\\\/wp-content\\\/uploads\\\/2022\\\/04\\\/idenova-urban-iki-campagne-rear-seat-3.webp\",\"datePublished\":\"2022-06-30T09:52:30+00:00\",\"dateModified\":\"2024-12-27T16:57:59+00:00\",\"description\":\"Idenova kombiniert Design mit Funktionalit\u00e4t. Unsere Entw\u00fcrfe sind benutzerfreundlich, minimalistisch und anwendbar. Eine Auswahl.\",\"breadcrumb\":{\"@id\":\"https:\\\/\\\/www.idenova.nl\\\/de\\\/projekte\\\/#breadcrumb\"},\"inLanguage\":\"de\",\"potentialAction\":[{\"@type\":\"ReadAction\",\"target\":[\"https:\\\/\\\/www.idenova.nl\\\/de\\\/projekte\\\/\"]}]},{\"@type\":\"ImageObject\",\"inLanguage\":\"de\",\"@id\":\"https:\\\/\\\/www.idenova.nl\\\/de\\\/projekte\\\/#primaryimage\",\"url\":\"https:\\\/\\\/www.idenova.nl\\\/wp-content\\\/uploads\\\/2022\\\/04\\\/idenova-urban-iki-campagne-rear-seat-3.webp\",\"contentUrl\":\"https:\\\/\\\/www.idenova.nl\\\/wp-content\\\/uploads\\\/2022\\\/04\\\/idenova-urban-iki-campagne-rear-seat-3.webp\",\"width\":1920,\"height\":1280},{\"@type\":\"BreadcrumbList\",\"@id\":\"https:\\\/\\\/www.idenova.nl\\\/de\\\/projekte\\\/#breadcrumb\",\"itemListElement\":[{\"@type\":\"ListItem\",\"position\":1,\"name\":\"Home\",\"item\":\"https:\\\/\\\/www.idenova.nl\\\/de\\\/\"},{\"@type\":\"ListItem\",\"position\":2,\"name\":\"Projekte mit funktionalem Design\"}]},{\"@type\":\"WebSite\",\"@id\":\"https:\\\/\\\/www.idenova.nl\\\/de\\\/#website\",\"url\":\"https:\\\/\\\/www.idenova.nl\\\/de\\\/\",\"name\":\"Idenova\",\"description\":\"Industrial design\",\"publisher\":{\"@id\":\"https:\\\/\\\/www.idenova.nl\\\/de\\\/#organization\"},\"potentialAction\":[{\"@type\":\"SearchAction\",\"target\":{\"@type\":\"EntryPoint\",\"urlTemplate\":\"https:\\\/\\\/www.idenova.nl\\\/de\\\/?s={search_term_string}\"},\"query-input\":{\"@type\":\"PropertyValueSpecification\",\"valueRequired\":true,\"valueName\":\"search_term_string\"}}],\"inLanguage\":\"de\"},{\"@type\":\"Organization\",\"@id\":\"https:\\\/\\\/www.idenova.nl\\\/de\\\/#organization\",\"name\":\"Idenova\",\"url\":\"https:\\\/\\\/www.idenova.nl\\\/de\\\/\",\"logo\":{\"@type\":\"ImageObject\",\"inLanguage\":\"de\",\"@id\":\"https:\\\/\\\/www.idenova.nl\\\/de\\\/#\\\/schema\\\/logo\\\/image\\\/\",\"url\":\"https:\\\/\\\/idenova.nl\\\/wp-content\\\/uploads\\\/2020\\\/10\\\/idenova-logo-zwart.svg\",\"contentUrl\":\"https:\\\/\\\/idenova.nl\\\/wp-content\\\/uploads\\\/2020\\\/10\\\/idenova-logo-zwart.svg\",\"width\":782,\"height\":70,\"caption\":\"Idenova\"},\"image\":{\"@id\":\"https:\\\/\\\/www.idenova.nl\\\/de\\\/#\\\/schema\\\/logo\\\/image\\\/\"},\"sameAs\":[\"https:\\\/\\\/www.facebook.com\\\/idenovadesign\",\"https:\\\/\\\/www.instagram.com\\\/idenovadesign\\\/\",\"https:\\\/\\\/www.linkedin.com\\\/company\\\/idenova-industrial-design\\\/\"]}]}<\/script>\n<!-- \/ Yoast SEO Premium plugin. -->","yoast_head_json":{"title":"Projekte mit funktionalem Design - Idenova","description":"Idenova kombiniert Design mit Funktionalit\u00e4t. Unsere Entw\u00fcrfe sind benutzerfreundlich, minimalistisch und anwendbar. Eine Auswahl.","robots":{"index":"index","follow":"follow","max-snippet":"max-snippet:-1","max-image-preview":"max-image-preview:large","max-video-preview":"max-video-preview:-1"},"canonical":"https:\/\/www.idenova.nl\/de\/projekte\/","og_locale":"de_DE","og_type":"article","og_title":"Projekte mit funktionalem Design","og_description":"Idenova kombiniert Design mit Funktionalit\u00e4t. Unsere Entw\u00fcrfe sind benutzerfreundlich, minimalistisch und anwendbar. Eine Auswahl.","og_url":"https:\/\/www.idenova.nl\/de\/projekte\/","og_site_name":"Idenova","article_publisher":"https:\/\/www.facebook.com\/idenovadesign","article_modified_time":"2024-12-27T16:57:59+00:00","og_image":[{"width":1920,"height":1280,"url":"https:\/\/www.idenova.nl\/wp-content\/uploads\/2022\/04\/idenova-urban-iki-campagne-rear-seat-3.webp","type":"image\/jpeg"}],"twitter_card":"summary_large_image","twitter_misc":{"Gesch\u00e4tzte Lesezeit":"1\u00a0Minute"},"schema":{"@context":"https:\/\/schema.org","@graph":[{"@type":"WebPage","@id":"https:\/\/www.idenova.nl\/de\/projekte\/","url":"https:\/\/www.idenova.nl\/de\/projekte\/","name":"Projekte mit funktionalem Design - Idenova","isPartOf":{"@id":"https:\/\/www.idenova.nl\/de\/#website"},"primaryImageOfPage":{"@id":"https:\/\/www.idenova.nl\/de\/projekte\/#primaryimage"},"image":{"@id":"https:\/\/www.idenova.nl\/de\/projekte\/#primaryimage"},"thumbnailUrl":"https:\/\/www.idenova.nl\/wp-content\/uploads\/2022\/04\/idenova-urban-iki-campagne-rear-seat-3.webp","datePublished":"2022-06-30T09:52:30+00:00","dateModified":"2024-12-27T16:57:59+00:00","description":"Idenova kombiniert Design mit Funktionalit\u00e4t. Unsere Entw\u00fcrfe sind benutzerfreundlich, minimalistisch und anwendbar. Eine Auswahl.","breadcrumb":{"@id":"https:\/\/www.idenova.nl\/de\/projekte\/#breadcrumb"},"inLanguage":"de","potentialAction":[{"@type":"ReadAction","target":["https:\/\/www.idenova.nl\/de\/projekte\/"]}]},{"@type":"ImageObject","inLanguage":"de","@id":"https:\/\/www.idenova.nl\/de\/projekte\/#primaryimage","url":"https:\/\/www.idenova.nl\/wp-content\/uploads\/2022\/04\/idenova-urban-iki-campagne-rear-seat-3.webp","contentUrl":"https:\/\/www.idenova.nl\/wp-content\/uploads\/2022\/04\/idenova-urban-iki-campagne-rear-seat-3.webp","width":1920,"height":1280},{"@type":"BreadcrumbList","@id":"https:\/\/www.idenova.nl\/de\/projekte\/#breadcrumb","itemListElement":[{"@type":"ListItem","position":1,"name":"Home","item":"https:\/\/www.idenova.nl\/de\/"},{"@type":"ListItem","position":2,"name":"Projekte mit funktionalem Design"}]},{"@type":"WebSite","@id":"https:\/\/www.idenova.nl\/de\/#website","url":"https:\/\/www.idenova.nl\/de\/","name":"Idenova","description":"Industrial design","publisher":{"@id":"https:\/\/www.idenova.nl\/de\/#organization"},"potentialAction":[{"@type":"SearchAction","target":{"@type":"EntryPoint","urlTemplate":"https:\/\/www.idenova.nl\/de\/?s={search_term_string}"},"query-input":{"@type":"PropertyValueSpecification","valueRequired":true,"valueName":"search_term_string"}}],"inLanguage":"de"},{"@type":"Organization","@id":"https:\/\/www.idenova.nl\/de\/#organization","name":"Idenova","url":"https:\/\/www.idenova.nl\/de\/","logo":{"@type":"ImageObject","inLanguage":"de","@id":"https:\/\/www.idenova.nl\/de\/#\/schema\/logo\/image\/","url":"https:\/\/idenova.nl\/wp-content\/uploads\/2020\/10\/idenova-logo-zwart.svg","contentUrl":"https:\/\/idenova.nl\/wp-content\/uploads\/2020\/10\/idenova-logo-zwart.svg","width":782,"height":70,"caption":"Idenova"},"image":{"@id":"https:\/\/www.idenova.nl\/de\/#\/schema\/logo\/image\/"},"sameAs":["https:\/\/www.facebook.com\/idenovadesign","https:\/\/www.instagram.com\/idenovadesign\/","https:\/\/www.linkedin.com\/company\/idenova-industrial-design\/"]}]}},"_links":{"self":[{"href":"https:\/\/www.idenova.nl\/de\/wp-json\/wp\/v2\/pages\/6715","targetHints":{"allow":["GET"]}}],"collection":[{"href":"https:\/\/www.idenova.nl\/de\/wp-json\/wp\/v2\/pages"}],"about":[{"href":"https:\/\/www.idenova.nl\/de\/wp-json\/wp\/v2\/types\/page"}],"author":[{"embeddable":true,"href":"https:\/\/www.idenova.nl\/de\/wp-json\/wp\/v2\/users\/1"}],"replies":[{"embeddable":true,"href":"https:\/\/www.idenova.nl\/de\/wp-json\/wp\/v2\/comments?post=6715"}],"version-history":[{"count":11,"href":"https:\/\/www.idenova.nl\/de\/wp-json\/wp\/v2\/pages\/6715\/revisions"}],"predecessor-version":[{"id":8566,"href":"https:\/\/www.idenova.nl\/de\/wp-json\/wp\/v2\/pages\/6715\/revisions\/8566"}],"wp:featuredmedia":[{"embeddable":true,"href":"https:\/\/www.idenova.nl\/de\/wp-json\/wp\/v2\/media\/6547"}],"wp:attachment":[{"href":"https:\/\/www.idenova.nl\/de\/wp-json\/wp\/v2\/media?parent=6715"}],"curies":[{"name":"wp","href":"https:\/\/api.w.org\/{rel}","templated":true}]}}